{"id":58,"date":"2017-08-10T15:28:11","date_gmt":"2017-08-10T13:28:11","guid":{"rendered":"http:\/\/thomconb.cyon.link\/impressum\/"},"modified":"2023-11-07T08:50:53","modified_gmt":"2023-11-07T07:50:53","slug":"impressum","status":"publish","type":"page","link":"https:\/\/www.thomcon.swiss\/en\/impressum\/","title":{"rendered":"Impressum"},"content":{"rendered":"<div class=\"wpb-content-wrapper\"><p>[vc_row][vc_column][vc_column_text el_class=&#8221;container1080 reddot&#8221;]<\/p>\n<h1>Impressum<\/h1>\n<p>[\/vc_column_text][vc_column_text el_class=&#8221;container1080&#8243;]<strong>Verantwortlich f\u00fcr den Inhalt der Seiten<\/strong><\/p>\n<p>THOMCON AG<br \/>\nKirchgasse 18<br \/>\nCH-7310 Bad Ragaz<\/p>\n<p>Telefon <a href=\"tel:0041796703910\">+41 79 670 39 10<\/a><br \/>\n<a href=\"&#109;&#x61;&#x69;l&#116;&#x6f;&#x3a;t&#104;&#x6f;m&#97;&#x73;&#x2e;b&#111;&#x6c;l&#104;&#x61;&#x6c;d&#101;&#x72;&#x40;&#116;&#x68;&#x6f;m&#99;&#x6f;&#x6e;&#46;&#115;&#x77;i&#115;&#x73;\">&#116;&#x68;o&#109;&#x61;s&#x2e;&#x62;&#111;&#x6c;l&#104;&#x61;l&#100;&#x65;&#114;&#x40;t&#104;&#x6f;m&#99;&#x6f;&#110;&#x2e;&#x73;&#119;&#x69;s&#115;<\/a><\/p>\n<p>&nbsp;<\/p>\n<p><strong>Konzept &amp; Programmierung<\/strong><br \/>\n<a href=\"http:\/\/www.lapala.ch\/\" target=\"_blank\" rel=\"noopener\">lapala web solutions, Bad Ragaz<\/a><\/p>\n<p><strong>Design<\/strong><br \/>\n<a href=\"http:\/\/www.anninahahn.ch\/\" target=\"_blank\" rel=\"noopener\">Annina Hahn<\/a><\/p>\n<p>&nbsp;<\/p>\n<p><strong>Copyright<br \/>\n<\/strong>Das Copyright f\u00fcr s\u00e4mtliche Inhalte dieser Website liegt bei der THOMCON AG, Thomas Bollhalder.<strong><br \/>\n<\/strong><\/p>\n<p><strong>Disclaimer<br \/>\n<\/strong>Alle Texte und Links wurden sorgf\u00e4ltig gepr\u00fcft und werden laufend aktualisiert. Wir sind bem\u00fcht, richtige und vollst\u00e4ndige Informationen auf dieser Website bereitzustellen, \u00fcbernehmen aber keinerlei Verantwortung, Garantien oder Haftung daf\u00fcr, dass die durch diese Website bereitgestellten Informationen, richtig, vollst\u00e4ndig oder aktuell sind. Wir behalten uns das Recht vor, jederzeit und ohne Vorank\u00fcndigung die Informationen auf dieser Website zu \u00e4ndern und verpflichten uns auch nicht, die enthaltenen Informationen zu aktualisieren. Alle Links zu externen Anbietern wurden zum Zeitpunkt ihrer Aufnahme auf ihre Richtigkeit \u00fcberpr\u00fcft, dennoch haften wir nicht f\u00fcr Inhalte und Verf\u00fcgbarkeit von Websites, die mittels Hyperlinks zu erreichen sind. F\u00fcr illegale, fehlerhafte oder unvollst\u00e4ndige Inhalte und insbesondere f\u00fcr Sch\u00e4den, die durch Inhalte verkn\u00fcpfter Seiten entstehen, haftet allein der Anbieter der Seite, auf welche verwiesen wurde. Dabei ist es gleichg\u00fcltig, ob der Schaden direkter, indirekter oder finanzieller Natur ist oder ein sonstiger Schaden vorliegt, der sich aus Datenverlust, Nutzungsausfall oder anderen Gr\u00fcnden aller Art ergeben k\u00f6nnte.<strong><br \/>\n<\/strong><\/p>\n<p><strong>Cookies<br \/>\n<\/strong>Unsere Website verwendet sogenannte Cookies bzw. Storage. Dabei handelt es sich um Informationen, die mit Hilfe des Browsers auf Ihrem Endger\u00e4t abgelegt werden. Sie richten keinen Schaden an. Wir nutzen diese Daten dazu, unser Angebot nutzerfreundlich zu gestalten. Einige bleiben auf Ihrem Endger\u00e4t gespeichert, bis Sie diese l\u00f6schen. Sie erm\u00f6glichen es uns, Ihren Browser beim n\u00e4chsten Besuch wiederzuerkennen. Wenn Sie dies nicht w\u00fcnschen, k\u00f6nnen Sie Ihren Browser so einrichten, dass er Sie \u00fcber das Setzen von Cookies informiert und Sie dies nur im Einzelfall erlauben. Bei der Deaktivierung von Cookies kann die Funktionalit\u00e4t unserer Website eingeschr\u00e4nkt sein.<\/p>\n<p><strong>Datenschutz<br \/>\n<\/strong>F\u00fcr die Sicherheit der Daten\u00fcbertragung im Internet k\u00f6nnen wir keine Gew\u00e4hr \u00fcbernehmen, insbesondere besteht bei der \u00dcbertragung von Daten per E-Mail die Gefahr des Zugriffs durch Dritte.<br \/>\nEiner Nutzung der im Impressum ver\u00f6ffentlichten Kontaktdaten durch Dritte zu Werbezwecken wird hiermit ausdr\u00fccklich widersprochen. Der Betreiber beh\u00e4lt sich f\u00fcr den Fall unverlangt zugesandter Werbe- oder Informationsmaterialien ausdr\u00fccklich rechtliche Schritte vor.<br \/>\nSollten einzelne Regelungen oder Formulierungen dieses Haftungsausschlusses unwirksam sein oder werden, bleiben die \u00fcbrigen Regelungen in ihrem Inhalt und ihrer G\u00fcltigkeit hiervon unber\u00fchrt.<\/p>\n<p><strong>Ihre Rechte<br \/>\n<\/strong>Ihnen stehen grunds\u00e4tzlich die Rechte auf Auskunft, Berichtigung, L\u00f6schung, Einschr\u00e4nkung, Daten\u00fcbertragbarkeit, Widerruf und Widerspruch zu. Wenn Sie glauben, dass die Verarbeitung Ihrer Daten gegen das Datenschutzrecht verst\u00f6\u00dft oder Ihre datenschutzrechtlichen Anspr\u00fcche sonst in einer Weise verletzt worden sind, k\u00f6nnen Sie sich bei der Aufsichtsbeh\u00f6rde melden. In Liechtstein ist dies die Datenschutzstelle F\u00fcrstentum Liechtenstein (St\u00e4dtle 38, Postfach 684, FL-9490 Vaduz, +423 236 60 90).<\/p>\n<p><strong>Google Analytics<br \/>\n<\/strong>Diese Website benutzt Google Analytics, einen Webanalysedienst der Google Inc. (\u201eGoogle\u201c). Google Analytics verwendet sog. \u201eCookies\u201c, Textdateien, die auf Ihrem Computer gespeichert werden und die eine Analyse der Benutzung der Website durch Sie erm\u00f6glichen. Die durch den Cookie erzeugten Informationen \u00fcber Ihre Benutzung dieser Website werden in der Regel an einen Server von Google in den USA \u00fcbertragen und dort gespeichert. Im Falle der Aktivierung der IP-Anonymisierung auf dieser Webseite, wird Ihre IP-Adresse von Google jedoch innerhalb von Mitgliedstaaten der Europ\u00e4ischen Union oder in anderen Vertragsstaaten des Abkommens \u00fcber den Europ\u00e4ischen Wirtschaftsraum zuvor gek\u00fcrzt. Nur in Ausnahmef\u00e4llen wird die volle IP-Adresse an einen Server von Google in den USA \u00fcbertragen und dort gek\u00fcrzt. Im Auftrag des Betreibers dieser Website wird Google diese Informationen benutzen, um Ihre Nutzung der Website auszuwerten, um Reports \u00fcber die Websiteaktivit\u00e4ten zusammenzustellen und um weitere mit der Websitenutzung und der Internetnutzung verbundene Dienstleistungen gegen\u00fcber dem Websitebetreiber zu erbringenDie im Rahmen von Google Analytics von Ihrem Browser \u00fcbermittelte IP-Adresse wird nicht mit anderen Daten von Google zusammengef\u00fchrt. Sie k\u00f6nnen die Speicherung der Cookies durch eine entsprechende Einstellung Ihrer Browser-Software verhindern; wir weisen Sie jedoch darauf hin, dass Sie in diesem Fall gegebenenfalls nicht s\u00e4mtliche Funktionen dieser Website vollumf\u00e4nglich werden nutzen k\u00f6nnen.\u00a0 Sie k\u00f6nnen dar\u00fcber hinaus die Erfassung der durch das Cookie erzeugten und auf Ihre Nutzung der Website bezogenen Daten (inkl. Ihrer IP-Adresse) an Google sowie die Verarbeitung dieser Daten durch Google verhindern, indem sie das unter dem folgenden Link verf\u00fcgbare Browser-Plugin herunterladen und installieren. <a href=\"http:\/\/tools.google.com\/dlpage\/gaoptout?hl=de\" target=\"_blank\" rel=\"noopener\">Link Download Plugin<\/a><strong><br \/>\n<\/strong><\/p>\n<p><a href=\"http:\/\/www.google.com\/analytics\/terms\/de.html\" target=\"_blank\" rel=\"noopener\">Google Analytics Bedingungen<\/a>[\/vc_column_text][\/vc_column][\/vc_row]<\/p>\n<\/div>","protected":false},"excerpt":{"rendered":"<p>[vc_row][vc_column][vc_column_text el_class=&#8221;container1080 reddot&#8221;] Impressum [\/vc_column_text][vc_column_text el_class=&#8221;container1080&#8243;]Verantwortlich f\u00fcr den Inhalt der Seiten THOMCON AG Kirchgasse 18 CH-7310 Bad Ragaz Telefon +41 79 670 39 10 &#x74;h&#x6f;&#109;a&#x73;&#46;&#x62;&#111;l&#x6c;&#104;&#x61;&#108;d&#x65;&#114;&#x40;&#x74;h&#x6f;&#109;c&#x6f;&#110;&#x2e;&#115;w&#x69;&#115;&#x73; &nbsp; Konzept &amp; Programmierung lapala web solutions, Bad Ragaz Design Annina Hahn &nbsp; Copyright Das Copyright f\u00fcr s\u00e4mtliche Inhalte dieser Website liegt bei der THOMCON AG, Thomas Bollhalder. Disclaimer Alle [&hellip;]<\/p>\n","protected":false},"author":1,"featured_media":0,"parent":0,"menu_order":19,"comment_status":"closed","ping_status":"closed","template":"","meta":{"footnotes":""},"class_list":["post-58","page","type-page","status-publish","hentry"],"yoast_head":"<!-- This site is optimized with the Yoast SEO plugin v27.5 - https:\/\/yoast.com\/product\/yoast-seo-wordpress\/ -->\n<title>Impressum - Thomcon<\/title>\n<meta name=\"robots\" content=\"index, follow, max-snippet:-1, max-image-preview:large, max-video-preview:-1\" \/>\n<link rel=\"canonical\" href=\"https:\/\/www.thomcon.swiss\/en\/impressum\/\" \/>\n<meta property=\"og:locale\" content=\"en_US\" \/>\n<meta property=\"og:type\" content=\"article\" \/>\n<meta property=\"og:title\" content=\"Impressum - Thomcon\" \/>\n<meta property=\"og:description\" content=\"[vc_row][vc_column][vc_column_text el_class=&#8221;container1080 reddot&#8221;] Impressum [\/vc_column_text][vc_column_text el_class=&#8221;container1080&#8243;]Verantwortlich f\u00fcr den Inhalt der Seiten THOMCON AG Kirchgasse 18 CH-7310 Bad Ragaz Telefon +41 79 670 39 10 &#x74;&#x68;&#x6f;&#x6d;&#x61;&#x73;&#x2e;&#x62;&#x6f;&#x6c;&#x6c;&#x68;&#x61;&#x6c;&#x64;&#x65;&#x72;&#x40;&#x74;&#x68;&#x6f;&#x6d;&#x63;&#x6f;&#x6e;&#x2e;&#x73;&#x77;&#x69;&#x73;&#x73; &nbsp; Konzept &amp; Programmierung lapala web solutions, Bad Ragaz Design Annina Hahn &nbsp; Copyright Das Copyright f\u00fcr s\u00e4mtliche Inhalte dieser Website liegt bei der THOMCON AG, Thomas Bollhalder. Disclaimer Alle [&hellip;]\" \/>\n<meta property=\"og:url\" content=\"https:\/\/www.thomcon.swiss\/en\/impressum\/\" \/>\n<meta property=\"og:site_name\" content=\"Thomcon\" \/>\n<meta property=\"article:modified_time\" content=\"2023-11-07T07:50:53+00:00\" \/>\n<meta name=\"twitter:card\" content=\"summary_large_image\" \/>\n<meta name=\"twitter:label1\" content=\"Est. reading time\" \/>\n\t<meta name=\"twitter:data1\" content=\"4 minutes\" \/>\n<script type=\"application\/ld+json\" class=\"yoast-schema-graph\">{\"@context\":\"https:\\\/\\\/schema.org\",\"@graph\":[{\"@type\":\"WebPage\",\"@id\":\"https:\\\/\\\/www.thomcon.swiss\\\/en\\\/impressum\\\/\",\"url\":\"https:\\\/\\\/www.thomcon.swiss\\\/en\\\/impressum\\\/\",\"name\":\"Impressum - Thomcon\",\"isPartOf\":{\"@id\":\"https:\\\/\\\/www.thomcon.swiss\\\/#website\"},\"datePublished\":\"2017-08-10T13:28:11+00:00\",\"dateModified\":\"2023-11-07T07:50:53+00:00\",\"breadcrumb\":{\"@id\":\"https:\\\/\\\/www.thomcon.swiss\\\/en\\\/impressum\\\/#breadcrumb\"},\"inLanguage\":\"en-US\",\"potentialAction\":[{\"@type\":\"ReadAction\",\"target\":[\"https:\\\/\\\/www.thomcon.swiss\\\/en\\\/impressum\\\/\"]}]},{\"@type\":\"BreadcrumbList\",\"@id\":\"https:\\\/\\\/www.thomcon.swiss\\\/en\\\/impressum\\\/#breadcrumb\",\"itemListElement\":[{\"@type\":\"ListItem\",\"position\":1,\"name\":\"Startseite\",\"item\":\"https:\\\/\\\/www.thomcon.swiss\\\/en\\\/\"},{\"@type\":\"ListItem\",\"position\":2,\"name\":\"Impressum\"}]},{\"@type\":\"WebSite\",\"@id\":\"https:\\\/\\\/www.thomcon.swiss\\\/#website\",\"url\":\"https:\\\/\\\/www.thomcon.swiss\\\/\",\"name\":\"Thomcon\",\"description\":\"management consulting automotive projects\",\"potentialAction\":[{\"@type\":\"SearchAction\",\"target\":{\"@type\":\"EntryPoint\",\"urlTemplate\":\"https:\\\/\\\/www.thomcon.swiss\\\/?s={search_term_string}\"},\"query-input\":{\"@type\":\"PropertyValueSpecification\",\"valueRequired\":true,\"valueName\":\"search_term_string\"}}],\"inLanguage\":\"en-US\"}]}<\/script>\n<!-- \/ Yoast SEO plugin. -->","yoast_head_json":{"title":"Impressum - Thomcon","robots":{"index":"index","follow":"follow","max-snippet":"max-snippet:-1","max-image-preview":"max-image-preview:large","max-video-preview":"max-video-preview:-1"},"canonical":"https:\/\/www.thomcon.swiss\/en\/impressum\/","og_locale":"en_US","og_type":"article","og_title":"Impressum - Thomcon","og_description":"[vc_row][vc_column][vc_column_text el_class=&#8221;container1080 reddot&#8221;] Impressum [\/vc_column_text][vc_column_text el_class=&#8221;container1080&#8243;]Verantwortlich f\u00fcr den Inhalt der Seiten THOMCON AG Kirchgasse 18 CH-7310 Bad Ragaz Telefon +41 79 670 39 10 &#x74;&#x68;&#x6f;&#x6d;&#x61;&#x73;&#x2e;&#x62;&#x6f;&#x6c;&#x6c;&#x68;&#x61;&#x6c;&#x64;&#x65;&#x72;&#x40;&#x74;&#x68;&#x6f;&#x6d;&#x63;&#x6f;&#x6e;&#x2e;&#x73;&#x77;&#x69;&#x73;&#x73; &nbsp; Konzept &amp; Programmierung lapala web solutions, Bad Ragaz Design Annina Hahn &nbsp; Copyright Das Copyright f\u00fcr s\u00e4mtliche Inhalte dieser Website liegt bei der THOMCON AG, Thomas Bollhalder. Disclaimer Alle [&hellip;]","og_url":"https:\/\/www.thomcon.swiss\/en\/impressum\/","og_site_name":"Thomcon","article_modified_time":"2023-11-07T07:50:53+00:00","twitter_card":"summary_large_image","twitter_misc":{"Est. reading time":"4 minutes"},"schema":{"@context":"https:\/\/schema.org","@graph":[{"@type":"WebPage","@id":"https:\/\/www.thomcon.swiss\/en\/impressum\/","url":"https:\/\/www.thomcon.swiss\/en\/impressum\/","name":"Impressum - Thomcon","isPartOf":{"@id":"https:\/\/www.thomcon.swiss\/#website"},"datePublished":"2017-08-10T13:28:11+00:00","dateModified":"2023-11-07T07:50:53+00:00","breadcrumb":{"@id":"https:\/\/www.thomcon.swiss\/en\/impressum\/#breadcrumb"},"inLanguage":"en-US","potentialAction":[{"@type":"ReadAction","target":["https:\/\/www.thomcon.swiss\/en\/impressum\/"]}]},{"@type":"BreadcrumbList","@id":"https:\/\/www.thomcon.swiss\/en\/impressum\/#breadcrumb","itemListElement":[{"@type":"ListItem","position":1,"name":"Startseite","item":"https:\/\/www.thomcon.swiss\/en\/"},{"@type":"ListItem","position":2,"name":"Impressum"}]},{"@type":"WebSite","@id":"https:\/\/www.thomcon.swiss\/#website","url":"https:\/\/www.thomcon.swiss\/","name":"Thomcon","description":"management consulting automotive projects","potentialAction":[{"@type":"SearchAction","target":{"@type":"EntryPoint","urlTemplate":"https:\/\/www.thomcon.swiss\/?s={search_term_string}"},"query-input":{"@type":"PropertyValueSpecification","valueRequired":true,"valueName":"search_term_string"}}],"inLanguage":"en-US"}]}},"_links":{"self":[{"href":"https:\/\/www.thomcon.swiss\/en\/wp-json\/wp\/v2\/pages\/58","targetHints":{"allow":["GET"]}}],"collection":[{"href":"https:\/\/www.thomcon.swiss\/en\/wp-json\/wp\/v2\/pages"}],"about":[{"href":"https:\/\/www.thomcon.swiss\/en\/wp-json\/wp\/v2\/types\/page"}],"author":[{"embeddable":true,"href":"https:\/\/www.thomcon.swiss\/en\/wp-json\/wp\/v2\/users\/1"}],"replies":[{"embeddable":true,"href":"https:\/\/www.thomcon.swiss\/en\/wp-json\/wp\/v2\/comments?post=58"}],"version-history":[{"count":14,"href":"https:\/\/www.thomcon.swiss\/en\/wp-json\/wp\/v2\/pages\/58\/revisions"}],"predecessor-version":[{"id":1087,"href":"https:\/\/www.thomcon.swiss\/en\/wp-json\/wp\/v2\/pages\/58\/revisions\/1087"}],"wp:attachment":[{"href":"https:\/\/www.thomcon.swiss\/en\/wp-json\/wp\/v2\/media?parent=58"}],"curies":[{"name":"wp","href":"https:\/\/api.w.org\/{rel}","templated":true}]}}